{"id":511,"date":"2019-06-06T12:22:08","date_gmt":"2019-06-06T10:22:08","guid":{"rendered":"https:\/\/freeshophoster.de\/Optimize2019\/?page_id=511"},"modified":"2019-07-03T13:17:37","modified_gmt":"2019-07-03T11:17:37","slug":"webshop-erstellen","status":"publish","type":"page","link":"https:\/\/www.freeshophoster.de\/dropshipping\/webshop-erstellen\/","title":{"rendered":"Webshop erstellen"},"content":{"rendered":"<div class=\"vw-page-title-box clearfix\">\n<div class=\"vw-page-title-box-inner\">\n<h1 class=\"vw-page-title\">WELCHES SHOPSYSTEM IST F\u00c3\u0153R MICH DAS RICHTIGE<\/h1>\n<\/div>\n<\/div>\n<article class=\"vw-main-post clearfix post-990 page type-page status-publish hentry\">wir zeigen Ihnen die\u00c2\u00a0<strong>Pro<\/strong>\u00c2\u00a0und\u00c2\u00a0<strong>Kontras<\/strong>\u00c2\u00a0der<\/p>\n<h1>SHOPSYSTEME GAMBIO UND SHOPWARE:<\/h1>\n<figure id=\"attachment_101\" aria-describedby=\"caption-attachment-101\" style=\"width: 800px\" class=\"wp-caption aligncenter\"><img loading=\"lazy\" decoding=\"async\" class=\"wp-image-101 size-large\" src=\"https:\/\/freeshophoster.de\/ekunde\/wp\/wp-content\/uploads\/2018\/06\/gambio-1024x472.jpg\" alt=\"gambio-1024x472 Welches Shopsystem ist f\u00c3\u00bcr mich das Richtige\" width=\"800\" height=\"369\" \/><figcaption id=\"caption-attachment-101\" class=\"wp-caption-text\">wie erstelle ich einen Webshop<\/figcaption><\/figure>\n<p>&nbsp;<\/p>\n<p><strong>Das deutsche Unternehmen vertreibt seit 2004 seine Shopsoftware. Die aktuelle Variante hei\u00c3\u0178t GX3 und ist f\u00c3\u00bcr alle Projekte im Bereich Onlineshop geeignet, au\u00c3\u0178er f\u00c3\u00bcr sehr gro\u00c3\u0178e und komplexe Vorhaben, die einen Experten ben\u00c3\u00b6tigen. GX3 ist eine sogenannte Komplettl\u00c3\u00b6sung, die inzwischen von circa 20.000 Unternehmen genutzt wird. Die Software ist so strukturiert, dass keine Kenntnisse im Bereich Programmierung notwendig sind. Deshalb wird keine Agentur ben\u00c3\u00b6tigt, um den Shop zu entwickeln.<\/strong><\/p>\n<p><strong>Ein komplex angelegter Onlineshop kann mithilfe der Gambio-Software innerhalb von vier bis sechs Tagen an den Start gehen. Eine Besonderheit bei Gambio ist die Multichannel-Funktion, die es erm\u00c3\u00b6glicht, Produkte auch \u00c3\u00bcber externe Verkaufsplattformen wie Amazon, eBay oder Zalando zu verkaufen. Durch das speziell entwickelte Honeygrid-Template passt sich der Shop an und ist auf allen Endger\u00c3\u00a4ten gut strukturiert. Die Software von Gambio ist im Vergleich zu anderen Anbietern g\u00c3\u00bcnstig:<\/strong><\/p>\n<ul>\n<li>\n<h3>OPEN-SOURCE-SOFTWARE<\/h3>\n<\/li>\n<li>\n<h3>KEIN ABO MIT MONATLICHEN BEITR\u00c3\u201eGEN,<\/h3>\n<\/li>\n<li>\n<h3>ZUK\u00c3\u0153NFTIGE UPDATES WERDEN DEM KUNDEN KOSTENLOS ZUR VERF\u00c3\u0153GUNG GESTELLT*,<\/h3>\n<\/li>\n<li>\n<h3>ES BESTEHT F\u00c3\u0153R ZW\u00c3\u2013LF MONATE ANSPRUCH AUF KUNDENSUPPORT UND -SERVICE*.<\/h3>\n<\/li>\n<\/ul>\n<p><strong>Gambio hat mit GX3 eine sehr einfach zu bedienende Shopsoftware entwickelt, die von Einsteigern und Profils gleicherma\u00c3\u0178en genutzt werden kann. Das Preis-Leistungs-Verh\u00c3\u00a4ltnis kann als ausgesprochen gut bezeichnet werden.\u00c2\u00a0<a href=\"https:\/\/freeshophoster.de\/ekunde\/wp\/gambio\/\" target=\"_blank\" rel=\"noopener noreferrer\" data-mil=\"990\">Details<\/a><\/strong><\/p>\n<p><a href=\"https:\/\/freeshophoster.de\/ekunde\/wp\/gambio-hostingpakete\/\" data-mil=\"990\"><img loading=\"lazy\" decoding=\"async\" class=\"aligncenter wp-image-121 size-full\" src=\"https:\/\/freeshophoster.de\/ekunde\/wp\/wp-content\/uploads\/2018\/06\/jetzt_kostenlos_anmelden.png\" alt=\"jetzt_kostenlos_anmelden Welches Shopsystem ist f\u00c3\u00bcr mich das Richtige\" width=\"497\" height=\"93\" \/><\/a><\/p>\n<p><strong>und<\/strong><\/p>\n<p><img loading=\"lazy\" decoding=\"async\" class=\"aligncenter size-large wp-image-102\" src=\"https:\/\/freeshophoster.de\/ekunde\/wp\/wp-content\/uploads\/2018\/06\/Zen Cart-1024x460.jpg\" alt=\"Zen Cart-1024x460 Welches Shopsystem ist f\u00c3\u00bcr mich das Richtige\" width=\"800\" height=\"359\" \/><\/p>\n<p>&nbsp;<\/p>\n<p><strong>Bei uns erhalten Sie die Variante \u00e2\u20ac\u0153Community\u00e2\u20ac\u009d eine kostenlose Version von Shopware<\/strong><br \/>\n<strong>mit vollem Funktionsumfang.<\/strong><\/p>\n<p><strong>Die Shopsoftware stammt aus Deutschland, wo sie 2004 entwickelt wurde. Sie ist aufgrund ihrer Komplexit\u00c3\u00a4t vor allem f\u00c3\u00bcr Profis und echte Experten geeignet und kann f\u00c3\u00bcr mittelgro\u00c3\u0178e bis sehr gro\u00c3\u0178e Shopprojekte eingesetzt werden. Um mit der Software einen Shop zu entwickeln, k\u00c3\u00b6nnen zwischen ein und zwei Wochen notwendig sein, bei sehr aufwendigen Projekten kann sich die Zeit entsprechend verl\u00c3\u00a4ngern. Es wird die Zusammenarbeit mit einer Agentur empfohlen, da die Pflege des Onlineshops nur mithilfe eines Supports professionell abgewickelt werden kann.<\/strong><\/p>\n<p><strong>Shopware bietet als besondere Funktionen eine interne Steuerung durch Drag &amp; Drop, eine Elementenbibliothek oder Storytelling. F\u00c3\u00bcr den exzellenten Support verlangt Shopware entsprechende Preise. Es gibt zwar mit der Variante Community eine kostenlose Version, alle anderen Versionen l\u00c3\u00a4sst sich die Shopware AG gut bezahlen:<\/strong><\/p>\n<ul>\n<li>\n<h3>JEDOCH SIND SIE MIT DER KOSTENLOSEN COMMUNITY-VERSION GUT BERATEN, DA DIESE VERSION SCHON DEN UMFANG EINES PROFESSIONELLEN ONLINESHOPS ABDECKT<\/h3>\n<\/li>\n<li>\n<h3>ZUS\u00c3\u201eTZLICH BIETET SHOPWARE ZUSATZPRODUKTE ANDERER ANBIETER AN<\/h3>\n<\/li>\n<li>\n<h3><a href=\"https:\/\/freeshophoster.de\/ekunde\/wp\/Zen Cart\/\" target=\"_blank\" rel=\"noopener noreferrer\" data-mil=\"990\"><strong>DETAILS<\/strong><\/a><\/h3>\n<\/li>\n<\/ul>\n<\/article>\n","protected":false},"excerpt":{"rendered":"<p>WELCHES SHOPSYSTEM IST F\u00c3\u0153R MICH DAS RICHTIGE wir zeigen Ihnen die\u00c2\u00a0Pro\u00c2\u00a0und\u00c2\u00a0Kontras\u00c2\u00a0der SHOPSYSTEME GAMBIO UND SHOPWARE: &nbsp; Das deutsche Unternehmen vertreibt seit 2004 seine Shopsoftware. Die aktuelle Variante hei\u00c3\u0178t GX3 und ist f\u00c3\u00bcr alle Projekte im Bereich Onlineshop geeignet, au\u00c3\u0178er f\u00c3\u00bcr sehr gro\u00c3\u0178e und komplexe Vorhaben, die einen Experten ben\u00c3\u00b6tigen. GX3 ist eine sogenannte Komplettl\u00c3\u00b6sung, die [&#8230;]\n","protected":false},"author":1,"featured_media":0,"parent":0,"menu_order":0,"comment_status":"closed","ping_status":"closed","template":"","meta":{"footnotes":""},"class_list":["post-511","page","type-page","status-publish","hentry"],"yoast_head":"<!-- This site is optimized with the Yoast SEO plugin v27.4 - https:\/\/yoast.com\/product\/yoast-seo-wordpress\/ -->\n<title>Webshop erstellen - Dropshipping<\/title>\n<meta name=\"description\" content=\"Mit Shopware oder Gambio den eigenen Webshop erstellen. Bei uns gibts seit 15 Jahren ein kostenloses Hosting dazu. klick jetzt!\" \/>\n<meta name=\"robots\" content=\"index, follow, max-snippet:-1, max-image-preview:large, max-video-preview:-1\" \/>\n<link rel=\"canonical\" href=\"https:\/\/www.freeshophoster.de\/dropshipping\/webshop-erstellen\/\" \/>\n<meta property=\"og:locale\" content=\"de_DE\" \/>\n<meta property=\"og:type\" content=\"article\" \/>\n<meta property=\"og:title\" content=\"Webshop erstellen - Dropshipping\" \/>\n<meta property=\"og:description\" content=\"Mit Shopware oder Gambio den eigenen Webshop erstellen. Bei uns gibts seit 15 Jahren ein kostenloses Hosting dazu. klick jetzt!\" \/>\n<meta property=\"og:url\" content=\"https:\/\/www.freeshophoster.de\/dropshipping\/webshop-erstellen\/\" \/>\n<meta property=\"og:site_name\" content=\"Dropshipping\" \/>\n<meta property=\"article:modified_time\" content=\"2019-07-03T11:17:37+00:00\" \/>\n<meta property=\"og:image\" content=\"https:\/\/freeshophoster.de\/ekunde\/wp\/wp-content\/uploads\/2018\/06\/gambio-1024x472.jpg\" \/>\n<meta name=\"twitter:card\" content=\"summary_large_image\" \/>\n<script type=\"application\/ld+json\" class=\"yoast-schema-graph\">{\"@context\":\"https:\\\/\\\/schema.org\",\"@graph\":[{\"@type\":\"WebPage\",\"@id\":\"https:\\\/\\\/www.freeshophoster.de\\\/dropshipping\\\/webshop-erstellen\\\/\",\"url\":\"https:\\\/\\\/www.freeshophoster.de\\\/dropshipping\\\/webshop-erstellen\\\/\",\"name\":\"Webshop erstellen - Dropshipping\",\"isPartOf\":{\"@id\":\"https:\\\/\\\/www.freeshophoster.de\\\/dropshipping\\\/#website\"},\"primaryImageOfPage\":{\"@id\":\"https:\\\/\\\/www.freeshophoster.de\\\/dropshipping\\\/webshop-erstellen\\\/#primaryimage\"},\"image\":{\"@id\":\"https:\\\/\\\/www.freeshophoster.de\\\/dropshipping\\\/webshop-erstellen\\\/#primaryimage\"},\"thumbnailUrl\":\"https:\\\/\\\/freeshophoster.de\\\/ekunde\\\/wp\\\/wp-content\\\/uploads\\\/2018\\\/06\\\/gambio-1024x472.jpg\",\"datePublished\":\"2019-06-06T10:22:08+00:00\",\"dateModified\":\"2019-07-03T11:17:37+00:00\",\"description\":\"Mit Shopware oder Gambio den eigenen Webshop erstellen. Bei uns gibts seit 15 Jahren ein kostenloses Hosting dazu. klick jetzt!\",\"breadcrumb\":{\"@id\":\"https:\\\/\\\/www.freeshophoster.de\\\/dropshipping\\\/webshop-erstellen\\\/#breadcrumb\"},\"inLanguage\":\"de\",\"potentialAction\":[{\"@type\":\"ReadAction\",\"target\":[\"https:\\\/\\\/www.freeshophoster.de\\\/dropshipping\\\/webshop-erstellen\\\/\"]}]},{\"@type\":\"ImageObject\",\"inLanguage\":\"de\",\"@id\":\"https:\\\/\\\/www.freeshophoster.de\\\/dropshipping\\\/webshop-erstellen\\\/#primaryimage\",\"url\":\"https:\\\/\\\/freeshophoster.de\\\/ekunde\\\/wp\\\/wp-content\\\/uploads\\\/2018\\\/06\\\/gambio-1024x472.jpg\",\"contentUrl\":\"https:\\\/\\\/freeshophoster.de\\\/ekunde\\\/wp\\\/wp-content\\\/uploads\\\/2018\\\/06\\\/gambio-1024x472.jpg\"},{\"@type\":\"BreadcrumbList\",\"@id\":\"https:\\\/\\\/www.freeshophoster.de\\\/dropshipping\\\/webshop-erstellen\\\/#breadcrumb\",\"itemListElement\":[{\"@type\":\"ListItem\",\"position\":1,\"name\":\"Startseite\",\"item\":\"https:\\\/\\\/www.freeshophoster.de\\\/dropshipping\\\/\"},{\"@type\":\"ListItem\",\"position\":2,\"name\":\"Webshop erstellen\"}]},{\"@type\":\"WebSite\",\"@id\":\"https:\\\/\\\/www.freeshophoster.de\\\/dropshipping\\\/#website\",\"url\":\"https:\\\/\\\/www.freeshophoster.de\\\/dropshipping\\\/\",\"name\":\"Dropshipping\",\"description\":\"das Dropshipping Handbuch\",\"potentialAction\":[{\"@type\":\"SearchAction\",\"target\":{\"@type\":\"EntryPoint\",\"urlTemplate\":\"https:\\\/\\\/www.freeshophoster.de\\\/dropshipping\\\/?s={search_term_string}\"},\"query-input\":{\"@type\":\"PropertyValueSpecification\",\"valueRequired\":true,\"valueName\":\"search_term_string\"}}],\"inLanguage\":\"de\"}]}<\/script>\n<!-- \/ Yoast SEO plugin. -->","yoast_head_json":{"title":"Webshop erstellen - Dropshipping","description":"Mit Shopware oder Gambio den eigenen Webshop erstellen. Bei uns gibts seit 15 Jahren ein kostenloses Hosting dazu. klick jetzt!","robots":{"index":"index","follow":"follow","max-snippet":"max-snippet:-1","max-image-preview":"max-image-preview:large","max-video-preview":"max-video-preview:-1"},"canonical":"https:\/\/www.freeshophoster.de\/dropshipping\/webshop-erstellen\/","og_locale":"de_DE","og_type":"article","og_title":"Webshop erstellen - Dropshipping","og_description":"Mit Shopware oder Gambio den eigenen Webshop erstellen. Bei uns gibts seit 15 Jahren ein kostenloses Hosting dazu. klick jetzt!","og_url":"https:\/\/www.freeshophoster.de\/dropshipping\/webshop-erstellen\/","og_site_name":"Dropshipping","article_modified_time":"2019-07-03T11:17:37+00:00","og_image":[{"url":"https:\/\/freeshophoster.de\/ekunde\/wp\/wp-content\/uploads\/2018\/06\/gambio-1024x472.jpg","type":"","width":"","height":""}],"twitter_card":"summary_large_image","schema":{"@context":"https:\/\/schema.org","@graph":[{"@type":"WebPage","@id":"https:\/\/www.freeshophoster.de\/dropshipping\/webshop-erstellen\/","url":"https:\/\/www.freeshophoster.de\/dropshipping\/webshop-erstellen\/","name":"Webshop erstellen - Dropshipping","isPartOf":{"@id":"https:\/\/www.freeshophoster.de\/dropshipping\/#website"},"primaryImageOfPage":{"@id":"https:\/\/www.freeshophoster.de\/dropshipping\/webshop-erstellen\/#primaryimage"},"image":{"@id":"https:\/\/www.freeshophoster.de\/dropshipping\/webshop-erstellen\/#primaryimage"},"thumbnailUrl":"https:\/\/freeshophoster.de\/ekunde\/wp\/wp-content\/uploads\/2018\/06\/gambio-1024x472.jpg","datePublished":"2019-06-06T10:22:08+00:00","dateModified":"2019-07-03T11:17:37+00:00","description":"Mit Shopware oder Gambio den eigenen Webshop erstellen. Bei uns gibts seit 15 Jahren ein kostenloses Hosting dazu. klick jetzt!","breadcrumb":{"@id":"https:\/\/www.freeshophoster.de\/dropshipping\/webshop-erstellen\/#breadcrumb"},"inLanguage":"de","potentialAction":[{"@type":"ReadAction","target":["https:\/\/www.freeshophoster.de\/dropshipping\/webshop-erstellen\/"]}]},{"@type":"ImageObject","inLanguage":"de","@id":"https:\/\/www.freeshophoster.de\/dropshipping\/webshop-erstellen\/#primaryimage","url":"https:\/\/freeshophoster.de\/ekunde\/wp\/wp-content\/uploads\/2018\/06\/gambio-1024x472.jpg","contentUrl":"https:\/\/freeshophoster.de\/ekunde\/wp\/wp-content\/uploads\/2018\/06\/gambio-1024x472.jpg"},{"@type":"BreadcrumbList","@id":"https:\/\/www.freeshophoster.de\/dropshipping\/webshop-erstellen\/#breadcrumb","itemListElement":[{"@type":"ListItem","position":1,"name":"Startseite","item":"https:\/\/www.freeshophoster.de\/dropshipping\/"},{"@type":"ListItem","position":2,"name":"Webshop erstellen"}]},{"@type":"WebSite","@id":"https:\/\/www.freeshophoster.de\/dropshipping\/#website","url":"https:\/\/www.freeshophoster.de\/dropshipping\/","name":"Dropshipping","description":"das Dropshipping Handbuch","potentialAction":[{"@type":"SearchAction","target":{"@type":"EntryPoint","urlTemplate":"https:\/\/www.freeshophoster.de\/dropshipping\/?s={search_term_string}"},"query-input":{"@type":"PropertyValueSpecification","valueRequired":true,"valueName":"search_term_string"}}],"inLanguage":"de"}]}},"_links":{"self":[{"href":"https:\/\/www.freeshophoster.de\/dropshipping\/wp-json\/wp\/v2\/pages\/511","targetHints":{"allow":["GET"]}}],"collection":[{"href":"https:\/\/www.freeshophoster.de\/dropshipping\/wp-json\/wp\/v2\/pages"}],"about":[{"href":"https:\/\/www.freeshophoster.de\/dropshipping\/wp-json\/wp\/v2\/types\/page"}],"author":[{"embeddable":true,"href":"https:\/\/www.freeshophoster.de\/dropshipping\/wp-json\/wp\/v2\/users\/1"}],"replies":[{"embeddable":true,"href":"https:\/\/www.freeshophoster.de\/dropshipping\/wp-json\/wp\/v2\/comments?post=511"}],"version-history":[{"count":0,"href":"https:\/\/www.freeshophoster.de\/dropshipping\/wp-json\/wp\/v2\/pages\/511\/revisions"}],"wp:attachment":[{"href":"https:\/\/www.freeshophoster.de\/dropshipping\/wp-json\/wp\/v2\/media?parent=511"}],"curies":[{"name":"wp","href":"https:\/\/api.w.org\/{rel}","templated":true}]}}