{"id":587,"date":"2019-06-27T12:23:08","date_gmt":"2019-06-27T10:23:08","guid":{"rendered":"https:\/\/freeshophoster.de\/Optimize2019\/?page_id=587"},"modified":"2019-09-11T17:01:45","modified_gmt":"2019-09-11T15:01:45","slug":"5-gruende-warum-der-start-eines-dropshipping-shops-im-jahr-2019-eine-ziemlich-gute-idee-ist","status":"publish","type":"page","link":"https:\/\/www.freeshophoster.de\/dropshipping\/5-gruende-warum-der-start-eines-dropshipping-shops-im-jahr-2019-eine-ziemlich-gute-idee-ist\/","title":{"rendered":"5 Gr\u00c3\u00bcnde, warum der Start eines Dropshipping-Shops im Jahr 2019 eine ziemlich gute Idee ist"},"content":{"rendered":"<h2 id=\"subtitle-0\"><span class=\"notranslate\"><strong>5 Gr\u00c3\u00bcnde, warum der Start eines Dropshipping-Gesch\u00c3\u00a4fts im Jahr 2019 eine ziemlich gute Idee ist<\/strong><\/span><\/h2>\n<div class=\"content\">\n<h3 id=\"subtitle-1\"><span class=\"notranslate\"><strong>1. Riesige Wissensbasis zum Dropshipping<\/strong><\/span><\/h3>\n<p><span class=\"notranslate\">Menschen, die vor einigen Jahren ihr Dropshipping-Unternehmen gegr\u00c3\u00bcndet haben, hatten nicht so viele n\u00c3\u00bctzliche Informationen wie Sie.<\/span>\u00c2\u00a0<span class=\"notranslate\">Sie waren Wegbereiter und mussten lernen, was der harte Weg ist.<\/span>\u00c2\u00a0<span class=\"notranslate\">Niemand schickte ihnen E-Mails mit den Listen der\u00c2\u00a0vielversprechendsten Dropshipping-Produkte\u00c2\u00a0oder gab ihnen Tipps zur Verwaltung ihrer Gesch\u00c3\u00a4fte.<\/span>\u00c2\u00a0<span class=\"notranslate\">Sie mussten von vorne anfangen.<\/span><\/p>\n<p><span class=\"notranslate\">Heutzutage kann jeder, der ein Dropshipping-Unternehmen gr\u00c3\u00bcnden m\u00c3\u00b6chte, einfach das Wort &#8222;Dropshipping&#8220; googeln und erh\u00c3\u00a4lt tausende von Artikeln, Leitf\u00c3\u00a4den\u00c2\u00a0,\u00c2\u00a0Schulungsvideos\u00c2\u00a0und sogar\u00c2\u00a0spezielle Foren, in\u00c2\u00a0denen die Teilnehmer ihre Erfahrungen mit Dropshipping teilen.<\/span>\u00c2\u00a0<span class=\"notranslate\">In der Regel sind die meisten dieser Materialien kostenlos, Sie m\u00c3\u00bcssen sich also nur ein wenig M\u00c3\u00bche geben, um den Inhalt zu studieren.<\/span>\u00c2\u00a0<span class=\"notranslate\">Das ist es!<\/span><\/p>\n<h3 id=\"subtitle-2\"><span class=\"notranslate\"><strong>2. Viele technische Spezialwerkzeuge f\u00c3\u00bcr das Dropshipping<\/strong><\/span><\/h3>\n<p><span class=\"notranslate\">Nehmen wir an, es gibt keinen K\u00c3\u00bchlschrank in Ihrer Wohnung.<\/span>\u00c2\u00a0<span class=\"notranslate\">In diesem Fall haben Sie regelm\u00c3\u00a4\u00c3\u0178ig viele Probleme mit der Aufbewahrung Ihrer Lebensmittel.<\/span><\/p>\n<p><span class=\"notranslate\">Oder stellen Sie sich vor, dass die Menschheit kein Auto erfunden hat und wir alle Pferde oder andere Tiere verwenden m\u00c3\u00bcssen, um von einem Ort zum anderen zu gelangen.<\/span>\u00c2\u00a0<span class=\"notranslate\">Es w\u00c3\u00bcrde wirklich viel Zeit und M\u00c3\u00bche kosten.<\/span><\/p>\n<p><span class=\"notranslate\">Als die Leute ihre Dropshipping-Gesch\u00c3\u00a4fte zum ersten Mal gegr\u00c3\u00bcndet haben, hatten sie nicht\u00c2\u00a0all diese Tools\u00c2\u00a0, die Ihre Dropshipping-Reise jetzt einfacher machen.<\/span><\/p>\n<p><span class=\"notranslate\">Im Ernst, Sie haben heute viel mehr M\u00c3\u00b6glichkeiten als E-Commerce-Unternehmer,als jene vor 5 Jahren.<\/span><\/p>\n<p><span class=\"notranslate\">Sie m\u00c3\u00bcssen\u00c2\u00a0Ihre Produkte nicht\u00c2\u00a0manuell\u00c2\u00a0importieren\u00c2\u00a0oder lange nach der\u00c2\u00a0ePacket-Zustelloption\u00c2\u00a0suchen.<\/span>\u00c2\u00a0<span class=\"notranslate\">Sie m\u00c3\u00bcssen lediglich\u00c2\u00a0ein Plugin\u00c2\u00a0auf Ihrer Website\u00c2\u00a0installieren und der Bestellprozess l\u00c3\u00a4uft automatisch.<\/span><\/p>\n<p><span class=\"notranslate\">Dar\u00c3\u00bcber hinaus gibt es heutzutage\u00c2\u00a0hunderte von Add-Ons und Services,\u00c2\u00a0die speziell f\u00c3\u00bcr das Dropshipping entwickelt wurden.<\/span>\u00c2\u00a0<span class=\"notranslate\">Mit ihrer Hilfe k\u00c3\u00b6nnen Sie sicher viele technische Dinge vergessen und Ihre Zeit der effektiver f\u00c3\u00bcr den Verkauf nutzen.<\/span><\/p>\n<h3 id=\"subtitle-3\"><span class=\"notranslate\"><strong>3. ein st\u00c3\u00a4ndig wachsender eCommerce-Markt<\/strong><\/span><\/h3>\n<p>&nbsp;<\/p>\n<p><span class=\"notranslate\">Ich denke, jetzt denken Sie:\u00c2\u00a0\u00e2\u20ac\u017eOkay, heutzutage gibt es viele Tools und viele wertvolle Informationen, die mir bei einem Dropshipping-Gesch\u00c3\u00a4ft helfen k\u00c3\u00b6nnen.<\/span>\u00c2\u00a0<span class=\"notranslate\">Aber was ist mit Nischen?<\/span>\u00c2\u00a0<span class=\"notranslate\">Alle profitablen\u00c2\u00a0waren vor vielen Jahren besetzt, daher ist es sinnlos, 2019 ein Dropshipping-Gesch\u00c3\u00a4ft zu er\u00c3\u00b6ffnen. \u00e2\u20ac\u0153<\/span><\/p>\n<p><span class=\"notranslate\">Das ist nicht ganz richtig.<\/span><\/p>\n<p><span class=\"notranslate\">Je mehr Menschen etwas wissen, desto h\u00c3\u00b6her ist der Wettbewerb in diesem Bereich.<\/span>\u00c2\u00a0<span class=\"notranslate\">Dies gilt nicht nur f\u00c3\u00bcr das E-Commerce-Gesch\u00c3\u00a4ft.<\/span><\/p>\n<p><span class=\"notranslate\">Wie viele Caf\u00c3\u00a9s und Restaurants gibt es an dem Ort, an dem Sie leben?<\/span>\u00c2\u00a0<span class=\"notranslate\">Wie viele station\u00c3\u00a4re Gesch\u00c3\u00a4fte haben Sie in Ihrer Stra\u00c3\u0178e?<\/span>\u00c2\u00a0<span class=\"notranslate\">Ich habe mehr als 5 normale Klamottensch\u00c3\u00a4fte in meiner N\u00c3\u00a4he gez\u00c3\u00a4hlt.<\/span>\u00c2\u00a0<span class=\"notranslate\">Eigentlich verkaufen sie nichts sehr Spezielles, aber sie existieren und bringen Geld, sonst w\u00c3\u00a4ren sie geschlossen.<\/span><\/p>\n<p><span class=\"notranslate\">Im E-Commerce-Gesch\u00c3\u00a4ft ist die Situation die gleiche.<\/span>\u00c2\u00a0<span class=\"notranslate\">Ja, es gibt viele Online-Shops, die zum Beispiel Kleidung verkaufen, aber alle sind unterschiedlich!<\/span>\u00c2\u00a0<span class=\"notranslate\">Einige L\u00c3\u00a4den haben eine breitere Produktpalette, andere bieten ihren Kunden h\u00c3\u00b6here Rabatte, und andere L\u00c3\u00a4den geben viel Geld f\u00c3\u00bcr Werbung aus, um st\u00c3\u00a4ndig in Ihrem Social-Media-Feed zu erscheinen. Sie konkurrieren miteinander und\u00c2\u00a0Sie k\u00c3\u00b6nnen mit ihnen konkurrieren . <\/span>\u00c2\u00a0<span class=\"notranslate\">Niemand begrenzt dich!<\/span><\/p>\n<p><span class=\"notranslate\">In Ihrem Gesch\u00c3\u00a4ft haben Sie\u00c2\u00a0Ihr eigenes Design\u00c2\u00a0, eine einzigartige\u00c2\u00a0Produktpalette\u00c2\u00a0, eine selbstgemachte Marketingstrategie usw. Dies wird Sie definieren &#8211; und hier liegt Ihr Wettbewerbsvorteil.<\/span><\/p>\n<p><span class=\"notranslate\">Der E-Commerce-Markt ist riesig und es ist auch immer ein Platz f\u00c3\u00bcr Sie da!<\/span>\u00c2\u00a0<span class=\"notranslate\">Denken Sie daran, dass der Ball in Ihrem Feld ist!<\/span><\/p>\n<h3 id=\"subtitle-4\"><span class=\"notranslate\"><strong>4. Verbesserte Lieferbedingungen<\/strong><\/span><\/h3>\n<p><span class=\"notranslate\">Vor einigen Jahren war die Lieferzeit eine Schwachstelle des Dropshipping-Gesch\u00c3\u00a4fts.<\/span><\/p>\n<p><span class=\"notranslate\">Die meisten Kunden mussten bis zu 2-3 Monate auf ihre Bestellungen warten, da die aus China gekauften Produkte auf dem Seeweg verschifft wurden.<\/span>\u00c2\u00a0<span class=\"notranslate\">Nat\u00c3\u00bcrlich war dies unbequem und verursachte sowohl f\u00c3\u00bcr die Kunden als auch f\u00c3\u00bcr die Verk\u00c3\u00a4ufer eine Menge Probleme.<\/span><\/p>\n<p><span class=\"notranslate\">Alles \u00c3\u00a4nderte sich, als ePacket f\u00c3\u00bcr chinesische Verk\u00c3\u00a4ufer verf\u00c3\u00bcgbar wurde.<\/span>\u00c2\u00a0<span class=\"notranslate\">Mit dieser Versandoption waren sie in der Lage, Produkte viel schneller als fr\u00c3\u00bcher zu liefern, was ihnen half, Fuss im Markt zu fassen.<\/span><\/p>\n<p><span class=\"notranslate\">Heutzutage bieten viele Aliexpress Verk\u00c3\u00a4ufer ihren K\u00c3\u00a4ufern ePacket-Zustellungen an und liefern Produkte innerhalb von 10-20 Tagen.<\/span>\u00c2\u00a0<span class=\"notranslate\">Die meisten Kunden f\u00c3\u00bchlen sich damit wohl und kaufen mit gro\u00c3\u0178er Freude billige Produkte aus China H\u00c3\u00a4ndler mit Sperrigen Waren sind dazu \u00c3\u00bcbergegangen, Warenlager in der EU ( in Holland,Deutschland ) anzulegen.Damit verk\u00c3\u00bcrzt sich die Lieferzeit auf wenige Tage und die Zollabwicklung vereinfacht sich auch bei h\u00c3\u00b6herpreisigen Produkten.<\/span><\/p>\n<p><span class=\"notranslate\">Au\u00c3\u0178erdem haben heutzutage viele chinesische Zulieferer eigene Lager in den USA, wo sie ihre Waren lagern.<\/span>\u00c2\u00a0<span class=\"notranslate\">Es erm\u00c3\u00b6glicht ihnen, Produkte so schnell wie m\u00c3\u00b6glich an amerikanische K\u00c3\u00a4ufer zu versenden und somit positive Bewertungen vom w\u00c3\u00a4hlerischsten Publikum zu erhalten!<\/span><\/p>\n<p><span class=\"notranslate\">Aus Sicht der Lieferung hat der Start eines Dropshipping-Gesch\u00c3\u00a4fts im Jahr 2019 also bessere Erfolgschancen als noc vor 5 Jahren.<\/span><\/p>\n<h3 id=\"subtitle-5\"><span class=\"notranslate\"><strong>5. Viele Marketingm\u00c3\u00b6glichkeiten<\/strong><\/span><\/h3>\n<p><span class=\"notranslate\">Wei\u00c3\u0178t du noch,\u00c2\u00a0wie Facebook vor zehn Jahren aussah\u00c2\u00a0und wie viele M\u00c3\u00b6glichkeiten es hatte?<\/span><\/p>\n<p><span class=\"notranslate\">Tats\u00c3\u00a4chlich war es eine Plattform, mit der die Leute sich anfreundeten und langsam Nachrichten mit ihnen austauschten.<\/span>\u00c2\u00a0<span class=\"notranslate\">Damals dachte niemand daran, dass die Begriffe &#8222;Facebook&#8220; und &#8222;Online-Werbung&#8220; in einigen Jahren so eng miteinander verbunden sein w\u00c3\u00bcrden.<\/span><\/p>\n<p><span class=\"notranslate\">Im Jahr 2019 gibt es viele Marketingm\u00c3\u00b6glichkeiten, die den ersten E-Commerce-Unternehmern nicht zur Verf\u00c3\u00bcgung standen:<\/span><\/p>\n<ul>\n<li><span class=\"notranslate\">Social Media (\u00c2\u00a0Facebook\u00c2\u00a0,\u00c2\u00a0Instagram\u00c2\u00a0,\u00c2\u00a0Twitter\u00c2\u00a0,\u00c2\u00a0Pinterest\u00c2\u00a0usw.)<\/span><\/li>\n<li><span class=\"notranslate\">Google-Werbung<\/span><\/li>\n<li><span class=\"notranslate\">E-Mail Marketing<\/span><\/li>\n<li><span class=\"notranslate\">Gastblogging<\/span><\/li>\n<li><span class=\"notranslate\">YouTube-Marketing<\/span><\/li>\n<li><span class=\"notranslate\">Q &amp; A-Websites<\/span><\/li>\n<li><span class=\"notranslate\">Usw.<\/span><\/li>\n<\/ul>\n<p><span class=\"notranslate\">Sie sehen, Sie haben vielf\u00c3\u00a4ltige M\u00c3\u00b6glichkeiten, sich und Ihrem Gesch\u00c3\u00a4ft einen Namen zu machen.<\/span>\u00c2\u00a0<span class=\"notranslate\">Verwenden Sie sie einfach und Sie werden Ihr Dropshipping-Gesch\u00c3\u00a4ft zum zum Laufen bringen!<\/span><\/p>\n<h2 id=\"subtitle-6\"><span class=\"notranslate\"><strong>Dropshipping-Gesch\u00c3\u00a4ft im Jahr 2019: das Endergebnis<\/strong><\/span><\/h2>\n<p><span class=\"notranslate\">Der Start eines Dropshipping-Gesch\u00c3\u00a4fts im Jahr 2019 ist nicht sp\u00c3\u00a4t.<\/span>\u00c2\u00a0<span class=\"notranslate\">Und es wird zu keinem Zeitpunkt in Ihrem Leben zu sp\u00c3\u00a4t sein, wenn Sie bereit sind, hart zu arbeiten und sich etwas M\u00c3\u00bche zu geben.<\/span><\/p>\n<p><span class=\"notranslate\">Denken Sie daran, dass es keine magischen Pillen gibt, die Ihnen helfen werden, im E-Commerce-Gesch\u00c3\u00a4ft voranzukommen.<\/span>\u00c2\u00a0<span class=\"notranslate\">Es gibt nur moderne technische und Marketing-L\u00c3\u00b6sungen, die Sie zu Ihrem Vorteil nutzen k\u00c3\u00b6nnen, und Ihren starken Wunsch, Ihr Leben zu ver\u00c3\u00a4ndern!<\/span><\/p>\n<blockquote>\n<h2><span class=\"notranslate\"><em><b>Der Start eines Dropshipping-Gesch\u00c3\u00a4fts im Jahr 2019 ist eine gro\u00c3\u0178artige Gelegenheit, um finanzielle Freiheit zu erhalten und neue M\u00c3\u00b6glichkeiten f\u00c3\u00bcr Sie zu er\u00c3\u00b6ffnen!<\/b><\/em><\/span>\u00c2\u00a0<span class=\"notranslate\"><em><b>Lass deine \u00c3\u201engste deinen Tr\u00c3\u00a4umen nicht im Weg stehen und halte dich zur\u00c3\u00bcck!<\/b><\/em><\/span>\u00c2\u00a0<span class=\"notranslate\"><em><b>Alles liegt in deinen H\u00c3\u00a4nden!<\/b><\/em><\/span><\/h2>\n<\/blockquote>\n<\/div>\n<h1><\/h1>\n","protected":false},"excerpt":{"rendered":"<p>Nutze unsere Eink\u00c3\u00a4ufer vor Ort um die besten Preise f\u00c3\u00bcr Dein Dropshipping Gesch\u00c3\u00a4ft zu bekommen<\/p>\n","protected":false},"author":1,"featured_media":0,"parent":0,"menu_order":0,"comment_status":"closed","ping_status":"closed","template":"","meta":{"footnotes":""},"class_list":["post-587","page","type-page","status-publish","hentry"],"yoast_head":"<!-- This site is optimized with the Yoast SEO plugin v27.4 - https:\/\/yoast.com\/product\/yoast-seo-wordpress\/ -->\n<title>5 Gr\u00c3\u00bcnde, warum der Start eines Dropshipping-Shops im Jahr 2019 eine ziemlich gute Idee ist - Dropshipping<\/title>\n<meta name=\"description\" content=\"eine riessige Wissensbasis, SpezialSoftware, Schritt f\u00c3\u00bcr Schrittanleitung, eigene Eink\u00c3\u00a4ufer in China f\u00c3\u00bcr Dich abrufbereit um Dein Dropshipping Gesch\u00c3\u00a4ft zu unterst\u00c3\u00bctzen\" \/>\n<meta name=\"robots\" content=\"index, follow, max-snippet:-1, max-image-preview:large, max-video-preview:-1\" \/>\n<link rel=\"canonical\" href=\"https:\/\/www.freeshophoster.de\/dropshipping\/5-gruende-warum-der-start-eines-dropshipping-shops-im-jahr-2019-eine-ziemlich-gute-idee-ist\/\" \/>\n<meta property=\"og:locale\" content=\"de_DE\" \/>\n<meta property=\"og:type\" content=\"article\" \/>\n<meta property=\"og:title\" content=\"5 Gr\u00c3\u00bcnde, warum der Start eines Dropshipping-Shops im Jahr 2019 eine ziemlich gute Idee ist - Dropshipping\" \/>\n<meta property=\"og:description\" content=\"eine riessige Wissensbasis, SpezialSoftware, Schritt f\u00c3\u00bcr Schrittanleitung, eigene Eink\u00c3\u00a4ufer in China f\u00c3\u00bcr Dich abrufbereit um Dein Dropshipping Gesch\u00c3\u00a4ft zu unterst\u00c3\u00bctzen\" \/>\n<meta property=\"og:url\" content=\"https:\/\/www.freeshophoster.de\/dropshipping\/5-gruende-warum-der-start-eines-dropshipping-shops-im-jahr-2019-eine-ziemlich-gute-idee-ist\/\" \/>\n<meta property=\"og:site_name\" content=\"Dropshipping\" \/>\n<meta property=\"article:modified_time\" content=\"2019-09-11T15:01:45+00:00\" \/>\n<meta name=\"twitter:card\" content=\"summary_large_image\" \/>\n<script type=\"application\/ld+json\" class=\"yoast-schema-graph\">{\"@context\":\"https:\\\/\\\/schema.org\",\"@graph\":[{\"@type\":\"WebPage\",\"@id\":\"https:\\\/\\\/www.freeshophoster.de\\\/dropshipping\\\/5-gruende-warum-der-start-eines-dropshipping-shops-im-jahr-2019-eine-ziemlich-gute-idee-ist\\\/\",\"url\":\"https:\\\/\\\/www.freeshophoster.de\\\/dropshipping\\\/5-gruende-warum-der-start-eines-dropshipping-shops-im-jahr-2019-eine-ziemlich-gute-idee-ist\\\/\",\"name\":\"5 Gr\u00c3\u00bcnde, warum der Start eines Dropshipping-Shops im Jahr 2019 eine ziemlich gute Idee ist - Dropshipping\",\"isPartOf\":{\"@id\":\"https:\\\/\\\/www.freeshophoster.de\\\/dropshipping\\\/#website\"},\"datePublished\":\"2019-06-27T10:23:08+00:00\",\"dateModified\":\"2019-09-11T15:01:45+00:00\",\"description\":\"eine riessige Wissensbasis, SpezialSoftware, Schritt f\u00c3\u00bcr Schrittanleitung, eigene Eink\u00c3\u00a4ufer in China f\u00c3\u00bcr Dich abrufbereit um Dein Dropshipping Gesch\u00c3\u00a4ft zu unterst\u00c3\u00bctzen\",\"breadcrumb\":{\"@id\":\"https:\\\/\\\/www.freeshophoster.de\\\/dropshipping\\\/5-gruende-warum-der-start-eines-dropshipping-shops-im-jahr-2019-eine-ziemlich-gute-idee-ist\\\/#breadcrumb\"},\"inLanguage\":\"de\",\"potentialAction\":[{\"@type\":\"ReadAction\",\"target\":[\"https:\\\/\\\/www.freeshophoster.de\\\/dropshipping\\\/5-gruende-warum-der-start-eines-dropshipping-shops-im-jahr-2019-eine-ziemlich-gute-idee-ist\\\/\"]}]},{\"@type\":\"BreadcrumbList\",\"@id\":\"https:\\\/\\\/www.freeshophoster.de\\\/dropshipping\\\/5-gruende-warum-der-start-eines-dropshipping-shops-im-jahr-2019-eine-ziemlich-gute-idee-ist\\\/#breadcrumb\",\"itemListElement\":[{\"@type\":\"ListItem\",\"position\":1,\"name\":\"Startseite\",\"item\":\"https:\\\/\\\/www.freeshophoster.de\\\/dropshipping\\\/\"},{\"@type\":\"ListItem\",\"position\":2,\"name\":\"5 Gr\u00c3\u00bcnde, warum der Start eines Dropshipping-Shops im Jahr 2019 eine ziemlich gute Idee ist\"}]},{\"@type\":\"WebSite\",\"@id\":\"https:\\\/\\\/www.freeshophoster.de\\\/dropshipping\\\/#website\",\"url\":\"https:\\\/\\\/www.freeshophoster.de\\\/dropshipping\\\/\",\"name\":\"Dropshipping\",\"description\":\"das Dropshipping Handbuch\",\"potentialAction\":[{\"@type\":\"SearchAction\",\"target\":{\"@type\":\"EntryPoint\",\"urlTemplate\":\"https:\\\/\\\/www.freeshophoster.de\\\/dropshipping\\\/?s={search_term_string}\"},\"query-input\":{\"@type\":\"PropertyValueSpecification\",\"valueRequired\":true,\"valueName\":\"search_term_string\"}}],\"inLanguage\":\"de\"}]}<\/script>\n<!-- \/ Yoast SEO plugin. -->","yoast_head_json":{"title":"5 Gr\u00c3\u00bcnde, warum der Start eines Dropshipping-Shops im Jahr 2019 eine ziemlich gute Idee ist - Dropshipping","description":"eine riessige Wissensbasis, SpezialSoftware, Schritt f\u00c3\u00bcr Schrittanleitung, eigene Eink\u00c3\u00a4ufer in China f\u00c3\u00bcr Dich abrufbereit um Dein Dropshipping Gesch\u00c3\u00a4ft zu unterst\u00c3\u00bctzen","robots":{"index":"index","follow":"follow","max-snippet":"max-snippet:-1","max-image-preview":"max-image-preview:large","max-video-preview":"max-video-preview:-1"},"canonical":"https:\/\/www.freeshophoster.de\/dropshipping\/5-gruende-warum-der-start-eines-dropshipping-shops-im-jahr-2019-eine-ziemlich-gute-idee-ist\/","og_locale":"de_DE","og_type":"article","og_title":"5 Gr\u00c3\u00bcnde, warum der Start eines Dropshipping-Shops im Jahr 2019 eine ziemlich gute Idee ist - Dropshipping","og_description":"eine riessige Wissensbasis, SpezialSoftware, Schritt f\u00c3\u00bcr Schrittanleitung, eigene Eink\u00c3\u00a4ufer in China f\u00c3\u00bcr Dich abrufbereit um Dein Dropshipping Gesch\u00c3\u00a4ft zu unterst\u00c3\u00bctzen","og_url":"https:\/\/www.freeshophoster.de\/dropshipping\/5-gruende-warum-der-start-eines-dropshipping-shops-im-jahr-2019-eine-ziemlich-gute-idee-ist\/","og_site_name":"Dropshipping","article_modified_time":"2019-09-11T15:01:45+00:00","twitter_card":"summary_large_image","schema":{"@context":"https:\/\/schema.org","@graph":[{"@type":"WebPage","@id":"https:\/\/www.freeshophoster.de\/dropshipping\/5-gruende-warum-der-start-eines-dropshipping-shops-im-jahr-2019-eine-ziemlich-gute-idee-ist\/","url":"https:\/\/www.freeshophoster.de\/dropshipping\/5-gruende-warum-der-start-eines-dropshipping-shops-im-jahr-2019-eine-ziemlich-gute-idee-ist\/","name":"5 Gr\u00c3\u00bcnde, warum der Start eines Dropshipping-Shops im Jahr 2019 eine ziemlich gute Idee ist - Dropshipping","isPartOf":{"@id":"https:\/\/www.freeshophoster.de\/dropshipping\/#website"},"datePublished":"2019-06-27T10:23:08+00:00","dateModified":"2019-09-11T15:01:45+00:00","description":"eine riessige Wissensbasis, SpezialSoftware, Schritt f\u00c3\u00bcr Schrittanleitung, eigene Eink\u00c3\u00a4ufer in China f\u00c3\u00bcr Dich abrufbereit um Dein Dropshipping Gesch\u00c3\u00a4ft zu unterst\u00c3\u00bctzen","breadcrumb":{"@id":"https:\/\/www.freeshophoster.de\/dropshipping\/5-gruende-warum-der-start-eines-dropshipping-shops-im-jahr-2019-eine-ziemlich-gute-idee-ist\/#breadcrumb"},"inLanguage":"de","potentialAction":[{"@type":"ReadAction","target":["https:\/\/www.freeshophoster.de\/dropshipping\/5-gruende-warum-der-start-eines-dropshipping-shops-im-jahr-2019-eine-ziemlich-gute-idee-ist\/"]}]},{"@type":"BreadcrumbList","@id":"https:\/\/www.freeshophoster.de\/dropshipping\/5-gruende-warum-der-start-eines-dropshipping-shops-im-jahr-2019-eine-ziemlich-gute-idee-ist\/#breadcrumb","itemListElement":[{"@type":"ListItem","position":1,"name":"Startseite","item":"https:\/\/www.freeshophoster.de\/dropshipping\/"},{"@type":"ListItem","position":2,"name":"5 Gr\u00c3\u00bcnde, warum der Start eines Dropshipping-Shops im Jahr 2019 eine ziemlich gute Idee ist"}]},{"@type":"WebSite","@id":"https:\/\/www.freeshophoster.de\/dropshipping\/#website","url":"https:\/\/www.freeshophoster.de\/dropshipping\/","name":"Dropshipping","description":"das Dropshipping Handbuch","potentialAction":[{"@type":"SearchAction","target":{"@type":"EntryPoint","urlTemplate":"https:\/\/www.freeshophoster.de\/dropshipping\/?s={search_term_string}"},"query-input":{"@type":"PropertyValueSpecification","valueRequired":true,"valueName":"search_term_string"}}],"inLanguage":"de"}]}},"_links":{"self":[{"href":"https:\/\/www.freeshophoster.de\/dropshipping\/wp-json\/wp\/v2\/pages\/587","targetHints":{"allow":["GET"]}}],"collection":[{"href":"https:\/\/www.freeshophoster.de\/dropshipping\/wp-json\/wp\/v2\/pages"}],"about":[{"href":"https:\/\/www.freeshophoster.de\/dropshipping\/wp-json\/wp\/v2\/types\/page"}],"author":[{"embeddable":true,"href":"https:\/\/www.freeshophoster.de\/dropshipping\/wp-json\/wp\/v2\/users\/1"}],"replies":[{"embeddable":true,"href":"https:\/\/www.freeshophoster.de\/dropshipping\/wp-json\/wp\/v2\/comments?post=587"}],"version-history":[{"count":0,"href":"https:\/\/www.freeshophoster.de\/dropshipping\/wp-json\/wp\/v2\/pages\/587\/revisions"}],"wp:attachment":[{"href":"https:\/\/www.freeshophoster.de\/dropshipping\/wp-json\/wp\/v2\/media?parent=587"}],"curies":[{"name":"wp","href":"https:\/\/api.w.org\/{rel}","templated":true}]}}